{"id":3392,"date":"2026-04-20T09:06:39","date_gmt":"2026-04-20T07:06:39","guid":{"rendered":"https:\/\/www.feldarbeit-eb.de\/?post_type=product&#038;p=3392"},"modified":"2026-04-20T09:08:27","modified_gmt":"2026-04-20T07:08:27","slug":"aufstellungstag-im-september-2026","status":"publish","type":"product","link":"https:\/\/www.feldarbeit-eb.de\/en\/buchen\/aufstellungstag-im-september-2026\/","title":{"rendered":"Constellation day in October 2026 (system constellation as professional coaching)"},"content":{"rendered":"<ul>\n<li>System constellations in the group for personal and professional topics<\/li>\n<li>Personal and professional concerns welcome<\/li>\n<li>The day courses are a wonderful opportunity for representatives to familiarise themselves with this work and gain their own experience<\/li>\n<li>The space for your own installation is secured as soon as the money has been received.<\/li>\n<li>Cancellations of courses are 100% chargeable from 14 days before the start of the course, unless a client can be found to take the place.<\/li>\n<\/ul>","protected":false},"excerpt":{"rendered":"<p>Systemaufstellungen in der Gruppe f\u00fcr pers\u00f6nliche sowie berufliche Themen Pers\u00f6nliche sowie berufliche Anliegen willkommen Die Tages- Kurse sind eine wunderbare Gelegenheit f\u00fcr Stellvertreter, diese Arbeit kennen zu lernen und eigene Erfahrungen zu machen Der Platz f\u00fcr eine eigene Aufstellung ist gesichert, sobald das Geld eingegangen ist. Absagen bei Kursen sind 100% kostenpflichtig ab 14 Tage [&hellip;]<\/p>\n","protected":false},"featured_media":1251,"template":"","meta":{"_acf_changed":false,"_seopress_robots_primary_cat":"none","_seopress_titles_title":"","_seopress_titles_desc":"","_seopress_robots_index":""},"product_brand":[],"product_cat":[54,53],"product_tag":[],"class_list":{"0":"post-3392","1":"product","2":"type-product","3":"status-publish","4":"has-post-thumbnail","6":"product_cat-aufstellung","7":"product_cat-termin-mit-datum","9":"first","10":"instock","11":"taxable","12":"shipping-taxable","13":"purchasable","14":"product-type-variable"},"acf":[],"_links":{"self":[{"href":"https:\/\/www.feldarbeit-eb.de\/en\/wp-json\/wp\/v2\/product\/3392","targetHints":{"allow":["GET"]}}],"collection":[{"href":"https:\/\/www.feldarbeit-eb.de\/en\/wp-json\/wp\/v2\/product"}],"about":[{"href":"https:\/\/www.feldarbeit-eb.de\/en\/wp-json\/wp\/v2\/types\/product"}],"wp:featuredmedia":[{"embeddable":true,"href":"https:\/\/www.feldarbeit-eb.de\/en\/wp-json\/wp\/v2\/media\/1251"}],"wp:attachment":[{"href":"https:\/\/www.feldarbeit-eb.de\/en\/wp-json\/wp\/v2\/media?parent=3392"}],"wp:term":[{"taxonomy":"product_brand","embeddable":true,"href":"https:\/\/www.feldarbeit-eb.de\/en\/wp-json\/wp\/v2\/product_brand?post=3392"},{"taxonomy":"product_cat","embeddable":true,"href":"https:\/\/www.feldarbeit-eb.de\/en\/wp-json\/wp\/v2\/product_cat?post=3392"},{"taxonomy":"product_tag","embeddable":true,"href":"https:\/\/www.feldarbeit-eb.de\/en\/wp-json\/wp\/v2\/product_tag?post=3392"}],"curies":[{"name":"wp","href":"https:\/\/api.w.org\/{rel}","templated":true}]}}